{"id":988,"date":"2021-10-07T14:04:57","date_gmt":"2021-10-07T14:04:57","guid":{"rendered":"https:\/\/lecracheurdefeu.com\/menu\/"},"modified":"2025-05-09T15:31:13","modified_gmt":"2025-05-09T15:31:13","slug":"menu","status":"publish","type":"page","link":"https:\/\/lecracheurdefeu.com\/en\/menu\/","title":{"rendered":"Menu"},"content":{"rendered":"\n<h2>\n\t\tmenu\n\t<\/h2>\n\t\t\t\t<img loading=\"lazy\" decoding=\"async\" src=\"https:\/\/lecracheurdefeu.com\/wp-content\/uploads\/2021\/03\/patten.png\" alt=\"patten\" itemprop=\"image\" height=\"47\" width=\"262\" title=\"patten\" onerror=\"this.style.display='none'\"  \/>\n<h2>\n\t\tPassion <br \/>culinaire\n\t<\/h2>\n<h2>\n\t\tMENU PRINCIPAL\n\t<\/h2>\n\t\t\t\t<img decoding=\"async\" src=\"https:\/\/lecracheurdefeu.com\/wp-content\/plugins\/bb-plugin\/img\/pixel.png\" alt=\"\" itemprop=\"image\" onerror=\"this.style.display='none'\"  \/>\n\t\t\t\t<img loading=\"lazy\" decoding=\"async\" src=\"https:\/\/lecracheurdefeu.com\/wp-content\/uploads\/2025\/05\/CracheurDeFeu_menuEstival_EN-01.jpg\" alt=\"CracheurDeFeu_menuEstival_EN-01\" itemprop=\"image\" height=\"1950\" width=\"1350\" title=\"CracheurDeFeu_menuEstival_EN-01\" onerror=\"this.style.display='none'\"  \/>\n\t\t\t\t<img loading=\"lazy\" decoding=\"async\" src=\"https:\/\/lecracheurdefeu.com\/wp-content\/uploads\/2025\/05\/CracheurDeFeu_menuEstival_EN-02.jpg\" alt=\"CracheurDeFeu_menuEstival_EN-02\" itemprop=\"image\" height=\"1950\" width=\"1350\" title=\"CracheurDeFeu_menuEstival_EN-02\" onerror=\"this.style.display='none'\"  \/>\n\t\t\t\t<img loading=\"lazy\" decoding=\"async\" src=\"https:\/\/lecracheurdefeu.com\/wp-content\/uploads\/2024\/03\/Menu-Cracheur-ABoire-Mars24.png\" alt=\"Menu-Cracheur-ABoire-Mars24\" itemprop=\"image\" height=\"5625\" width=\"3125\" title=\"Menu-Cracheur-ABoire-Mars24\" onerror=\"this.style.display='none'\"  \/>\n\t\t\t\t<img loading=\"lazy\" decoding=\"async\" src=\"https:\/\/lecracheurdefeu.com\/wp-content\/uploads\/2024\/03\/Menu-Cracheur-Vins-Mars24.png\" alt=\"Menu-Cracheur-Vins-Mars24\" itemprop=\"image\" height=\"4813\" width=\"2917\" title=\"Menu-Cracheur-Vins-Mars24\" onerror=\"this.style.display='none'\"  \/>\n\t\t\t\t<img loading=\"lazy\" decoding=\"async\" src=\"https:\/\/lecracheurdefeu.com\/wp-content\/uploads\/2024\/03\/Menu-Cracheur-VinsRouges-Mars24.png\" alt=\"Menu-Cracheur-VinsRouges-Mars24\" itemprop=\"image\" height=\"5208\" width=\"2917\" title=\"Menu-Cracheur-VinsRouges-Mars24\" onerror=\"this.style.display='none'\"  \/>\n\t<p>\u00ab Le feu est vivant, il a du caract\u00e8re et chaque b\u00fbche donnera un r\u00e9sultat diff\u00e9rent. Les saveurs qui sont \u00e9veill\u00e9es gr\u00e2ce \u00e0 ce type de cuisson sont incomparables et c&#8217;est ce qui fait que j&#8217;aime autant travailler avec ce medium.\u00bb<\/p>\n\n<h2>\n\t\tSAVEURS ET <br \/> RICHESSE\n\t<\/h2>\n\t\t\t\t<img loading=\"lazy\" decoding=\"async\" src=\"https:\/\/lecracheurdefeu.com\/wp-content\/uploads\/2021\/03\/gallery-nine.jpg\" alt=\"BBQ\" itemprop=\"image\" height=\"400\" width=\"600\" title=\"gallery-nine\" onerror=\"this.style.display='none'\"  \/>\n\t\t\t\t<img loading=\"lazy\" decoding=\"async\" src=\"https:\/\/lecracheurdefeu.com\/wp-content\/uploads\/2021\/04\/news-banner.jpg\" alt=\"news-banner\" itemprop=\"image\" height=\"1043\" width=\"1920\" title=\"news-banner\" onerror=\"this.style.display='none'\"  \/>\n\t\t\t\t<img loading=\"lazy\" decoding=\"async\" src=\"https:\/\/lecracheurdefeu.com\/wp-content\/uploads\/2021\/03\/image-one.png\" alt=\"Repas\" itemprop=\"image\" height=\"450\" width=\"800\" title=\"image-one\" onerror=\"this.style.display='none'\"  \/>\n\n","protected":false},"excerpt":{"rendered":"<p>menu Passion culinaire MENU PRINCIPAL \u00ab Le feu est vivant, il a du caract\u00e8re et chaque b\u00fbche donnera un r\u00e9sultat diff\u00e9rent. Les saveurs qui sont \u00e9veill\u00e9es gr\u00e2ce \u00e0 ce type de cuisson sont incomparables et c&#8217;est ce qui fait que j&#8217;aime autant travailler avec ce medium.\u00bb SAVEURS ET RICHESSE<\/p>\n","protected":false},"author":1,"featured_media":0,"parent":0,"menu_order":0,"comment_status":"closed","ping_status":"closed","template":"","meta":{"site-sidebar-layout":"no-sidebar","site-content-layout":"page-builder","ast-site-content-layout":"full-width-container","site-content-style":"unboxed","site-sidebar-style":"unboxed","ast-global-header-display":"","ast-banner-title-visibility":"","ast-main-header-display":"","ast-hfb-above-header-display":"","ast-hfb-below-header-display":"","ast-hfb-mobile-header-display":"","site-post-title":"disabled","ast-breadcrumbs-content":"","ast-featured-img":"disabled","footer-sml-layout":"","theme-transparent-header-meta":"default","adv-header-id-meta":"","stick-header-meta":"","header-above-stick-meta":"","header-main-stick-meta":"","header-below-stick-meta":"","astra-migrate-meta-layouts":"default","ast-page-background-enabled":"default","ast-page-background-meta":{"desktop":{"background-color":"var(--ast-global-color-4)","background-image":"","background-repeat":"repeat","background-position":"center center","background-size":"auto","background-attachment":"scroll","background-type":"","background-media":"","overlay-type":"","overlay-color":"","overlay-opacity":"","overlay-gradient":""},"tablet":{"background-color":"","background-image":"","background-repeat":"repeat","background-position":"center center","background-size":"auto","background-attachment":"scroll","background-type":"","background-media":"","overlay-type":"","overlay-color":"","overlay-opacity":"","overlay-gradient":""},"mobile":{"background-color":"","background-image":"","background-repeat":"repeat","background-position":"center center","background-size":"auto","background-attachment":"scroll","background-type":"","background-media":"","overlay-type":"","overlay-color":"","overlay-opacity":"","overlay-gradient":""}},"ast-content-background-meta":{"desktop":{"background-color":"var(--ast-global-color-5)","background-image":"","background-repeat":"repeat","background-position":"center center","background-size":"auto","background-attachment":"scroll","background-type":"","background-media":"","overlay-type":"","overlay-color":"","overlay-opacity":"","overlay-gradient":""},"tablet":{"background-color":"var(--ast-global-color-5)","background-image":"","background-repeat":"repeat","background-position":"center center","background-size":"auto","background-attachment":"scroll","background-type":"","background-media":"","overlay-type":"","overlay-color":"","overlay-opacity":"","overlay-gradient":""},"mobile":{"background-color":"var(--ast-global-color-5)","background-image":"","background-repeat":"repeat","background-position":"center center","background-size":"auto","background-attachment":"scroll","background-type":"","background-media":"","overlay-type":"","overlay-color":"","overlay-opacity":"","overlay-gradient":""}},"footnotes":""},"class_list":["post-988","page","type-page","status-publish","hentry"],"_links":{"self":[{"href":"https:\/\/lecracheurdefeu.com\/en\/wp-json\/wp\/v2\/pages\/988","targetHints":{"allow":["GET"]}}],"collection":[{"href":"https:\/\/lecracheurdefeu.com\/en\/wp-json\/wp\/v2\/pages"}],"about":[{"href":"https:\/\/lecracheurdefeu.com\/en\/wp-json\/wp\/v2\/types\/page"}],"author":[{"embeddable":true,"href":"https:\/\/lecracheurdefeu.com\/en\/wp-json\/wp\/v2\/users\/1"}],"replies":[{"embeddable":true,"href":"https:\/\/lecracheurdefeu.com\/en\/wp-json\/wp\/v2\/comments?post=988"}],"version-history":[{"count":4,"href":"https:\/\/lecracheurdefeu.com\/en\/wp-json\/wp\/v2\/pages\/988\/revisions"}],"predecessor-version":[{"id":997,"href":"https:\/\/lecracheurdefeu.com\/en\/wp-json\/wp\/v2\/pages\/988\/revisions\/997"}],"wp:attachment":[{"href":"https:\/\/lecracheurdefeu.com\/en\/wp-json\/wp\/v2\/media?parent=988"}],"curies":[{"name":"wp","href":"https:\/\/api.w.org\/{rel}","templated":true}]}}