{"id":406,"date":"2021-04-02T10:42:50","date_gmt":"2021-04-02T10:42:50","guid":{"rendered":"https:\/\/lecracheurdefeu.com\/nouvelles\/"},"modified":"2023-04-02T19:10:04","modified_gmt":"2023-04-02T19:10:04","slug":"nouvelles","status":"publish","type":"page","link":"https:\/\/lecracheurdefeu.com\/en\/nouvelles\/","title":{"rendered":"Nouvelles"},"content":{"rendered":"\n<h2>\n\t\tNouvelles\n\t<\/h2>\n\t\t\t\t<img loading=\"lazy\" decoding=\"async\" src=\"https:\/\/lecracheurdefeu.com\/wp-content\/uploads\/2021\/03\/patten.png\" alt=\"patten\" itemprop=\"image\" height=\"47\" width=\"262\" title=\"patten\" onerror=\"this.style.display='none'\"  \/>\n\t\t\t\t<img loading=\"lazy\" decoding=\"async\" src=\"https:\/\/lecracheurdefeu.com\/wp-content\/uploads\/2021\/04\/news-one.jpg\" alt=\"news-one\" itemprop=\"image\" height=\"799\" width=\"1420\" title=\"news-one\" onerror=\"this.style.display='none'\"  \/>\n<h6>\n\t\t26\/03\/2023\n\t<\/h6>\n\t\t\t<h3>Une exp\u00e9rience unique<\/h3>\t\t\t\n\t\t\t\t<p>Plusieurs beaux projets nous attendent dans les prochains mois. Nous aurons la chance de faire d\u00e9couvrir nos produits du fumoir et de BBQ du sud. Nous avons \u00e9galement fait l&#8217;acquisition d&#8217;une embarcation de type ponton \u00e9quip\u00e9e d&#8217;un fumoir et un grill au charbon. Nous sommes extr\u00eamement motiv\u00e9s par ces nouveaux ajouts et attendons avec impatience de pouvoir les partager avec vous.<\/p>\n\t\t\t\t<img loading=\"lazy\" decoding=\"async\" src=\"https:\/\/lecracheurdefeu.com\/wp-content\/uploads\/2021\/03\/big-patten.png\" alt=\"big-patten\" itemprop=\"image\" height=\"48\" width=\"967\" title=\"big-patten\" onerror=\"this.style.display='none'\"  \/>\n\t\t\t\t<img loading=\"lazy\" decoding=\"async\" src=\"https:\/\/lecracheurdefeu.com\/wp-content\/uploads\/2021\/04\/news-two.jpg\" alt=\"news-two\" itemprop=\"image\" height=\"803\" width=\"1427\" title=\"news-two\" onerror=\"this.style.display='none'\"  \/>\n<h6>\n\t\t26\/03\/2021\n\t<\/h6>\n\t\t\t<h3>Une exp\u00e9rience unique<\/h3>\t\t\t\n\t\t\t\t<p>Plusieurs beaux projets nous attendent dans les prochains mois. Nous aurons la chance de faire d\u00e9couvrir nos produits du fumoir et de BBQ du sud lors du festival \u00ab &#8230; \u00bb \u00e0 l&#8217;\u00e9t\u00e9 2021. Nous ferons \u00e9galement l&#8217;acquisition d&#8217;une embarcation de type ponton sur laquelle seront install\u00e9s un fumoir et un grill au charbon flottants. Nous sommes extr\u00eamement motiv\u00e9s par ces nouveaux ajouts et attendons avec impatience de pouvoir les partager avec vous.<\/p>\n\t\t\t\t<img loading=\"lazy\" decoding=\"async\" src=\"https:\/\/lecracheurdefeu.com\/wp-content\/uploads\/2021\/03\/big-patten.png\" alt=\"big-patten\" itemprop=\"image\" height=\"48\" width=\"967\" title=\"big-patten\" onerror=\"this.style.display='none'\"  \/>\n\n","protected":false},"excerpt":{"rendered":"<p>Nouvelles 26\/03\/2023 Une exp\u00e9rience unique Plusieurs beaux projets nous attendent dans les prochains mois. Nous aurons la chance de faire d\u00e9couvrir nos produits du fumoir et de BBQ du sud. Nous avons \u00e9galement fait l&#8217;acquisition d&#8217;une embarcation de type ponton \u00e9quip\u00e9e d&#8217;un fumoir et un grill au charbon. Nous sommes extr\u00eamement motiv\u00e9s par ces nouveaux [&hellip;]<\/p>\n","protected":false},"author":1,"featured_media":0,"parent":0,"menu_order":0,"comment_status":"closed","ping_status":"closed","template":"","meta":{"site-sidebar-layout":"no-sidebar","site-content-layout":"page-builder","ast-site-content-layout":"default","site-content-style":"default","site-sidebar-style":"default","ast-global-header-display":"","ast-banner-title-visibility":"","ast-main-header-display":"","ast-hfb-above-header-display":"","ast-hfb-below-header-display":"","ast-hfb-mobile-header-display":"","site-post-title":"disabled","ast-breadcrumbs-content":"","ast-featured-img":"disabled","footer-sml-layout":"","theme-transparent-header-meta":"default","adv-header-id-meta":"","stick-header-meta":"","header-above-stick-meta":"","header-main-stick-meta":"","header-below-stick-meta":"","astra-migrate-meta-layouts":"default","ast-page-background-enabled":"default","ast-page-background-meta":{"desktop":{"background-color":"var(--ast-global-color-4)","background-image":"","background-repeat":"repeat","background-position":"center center","background-size":"auto","background-attachment":"scroll","background-type":"","background-media":"","overlay-type":"","overlay-color":"","overlay-opacity":"","overlay-gradient":""},"tablet":{"background-color":"","background-image":"","background-repeat":"repeat","background-position":"center center","background-size":"auto","background-attachment":"scroll","background-type":"","background-media":"","overlay-type":"","overlay-color":"","overlay-opacity":"","overlay-gradient":""},"mobile":{"background-color":"","background-image":"","background-repeat":"repeat","background-position":"center center","background-size":"auto","background-attachment":"scroll","background-type":"","background-media":"","overlay-type":"","overlay-color":"","overlay-opacity":"","overlay-gradient":""}},"ast-content-background-meta":{"desktop":{"background-color":"var(--ast-global-color-5)","background-image":"","background-repeat":"repeat","background-position":"center center","background-size":"auto","background-attachment":"scroll","background-type":"","background-media":"","overlay-type":"","overlay-color":"","overlay-opacity":"","overlay-gradient":""},"tablet":{"background-color":"var(--ast-global-color-5)","background-image":"","background-repeat":"repeat","background-position":"center center","background-size":"auto","background-attachment":"scroll","background-type":"","background-media":"","overlay-type":"","overlay-color":"","overlay-opacity":"","overlay-gradient":""},"mobile":{"background-color":"var(--ast-global-color-5)","background-image":"","background-repeat":"repeat","background-position":"center center","background-size":"auto","background-attachment":"scroll","background-type":"","background-media":"","overlay-type":"","overlay-color":"","overlay-opacity":"","overlay-gradient":""}},"footnotes":""},"class_list":["post-406","page","type-page","status-publish","hentry"],"_links":{"self":[{"href":"https:\/\/lecracheurdefeu.com\/en\/wp-json\/wp\/v2\/pages\/406","targetHints":{"allow":["GET"]}}],"collection":[{"href":"https:\/\/lecracheurdefeu.com\/en\/wp-json\/wp\/v2\/pages"}],"about":[{"href":"https:\/\/lecracheurdefeu.com\/en\/wp-json\/wp\/v2\/types\/page"}],"author":[{"embeddable":true,"href":"https:\/\/lecracheurdefeu.com\/en\/wp-json\/wp\/v2\/users\/1"}],"replies":[{"embeddable":true,"href":"https:\/\/lecracheurdefeu.com\/en\/wp-json\/wp\/v2\/comments?post=406"}],"version-history":[{"count":8,"href":"https:\/\/lecracheurdefeu.com\/en\/wp-json\/wp\/v2\/pages\/406\/revisions"}],"predecessor-version":[{"id":755,"href":"https:\/\/lecracheurdefeu.com\/en\/wp-json\/wp\/v2\/pages\/406\/revisions\/755"}],"wp:attachment":[{"href":"https:\/\/lecracheurdefeu.com\/en\/wp-json\/wp\/v2\/media?parent=406"}],"curies":[{"name":"wp","href":"https:\/\/api.w.org\/{rel}","templated":true}]}}