{"id":404,"date":"2021-03-31T12:06:54","date_gmt":"2021-03-31T12:06:54","guid":{"rendered":"https:\/\/lecracheurdefeu.com\/le-fumoir\/"},"modified":"2024-02-07T17:37:18","modified_gmt":"2024-02-07T17:37:18","slug":"le-fumoir","status":"publish","type":"page","link":"https:\/\/lecracheurdefeu.com\/en\/le-fumoir\/","title":{"rendered":"Le Fumoir"},"content":{"rendered":"\r\n<h2>Le Fumoir<\/h2>\r\n<p><img loading=\"lazy\" decoding=\"async\" title=\"patten\" src=\"https:\/\/lecracheurdefeu.com\/wp-content\/uploads\/2021\/03\/patten.png\" alt=\"patten\" width=\"262\" height=\"47\" \/><\/p>\r\n<h3>NOTRE HISTOIRE<\/h3>\r\n<p>Le Cracheur de feu a vu le jour au d\u00e9but de l&#8217;\u00e9t\u00e9 2020, dans la propri\u00e9t\u00e9 bicentenaire qui abritait autrefois, la toute premi\u00e8re \u00e9cole de la ville de Beloeil. L&#8217;\u00e9tablissement a subi une cure de rajeunissement, tout en assurant de conserver son cachet historique, qui en fait toute sa beaut\u00e9.<\/p>\r\n<p>Notre restaurant offre une atmosph\u00e8re chaleureuse et festive et peut accueillir plus de 100 convives \u00e0 l&#8217;int\u00e9rieur et encore plus gr\u00e2ce \u00e0 notre grande terrasse sur 3 paliers, surplombant la rivi\u00e8re Richelieu. Un bar tiki ainsi que l&#8217;acquisition d&#8217;une embarcation qui accueille un fumoir et un grill au charbon sur l&#8217;eau, viennent ajouter \u00e0 la cr\u00e9ation d&#8217;une exp\u00e9rience unique pour notre client\u00e8le.<\/p>\r\n<p><img loading=\"lazy\" decoding=\"async\" title=\"1\" src=\"https:\/\/lecracheurdefeu.com\/wp-content\/uploads\/2021\/03\/1.jpg\" alt=\"1\" width=\"612\" height=\"450\" \/> <img loading=\"lazy\" decoding=\"async\" title=\"2\" src=\"https:\/\/lecracheurdefeu.com\/wp-content\/uploads\/2021\/03\/2.jpg\" alt=\"la terrasse\" width=\"612\" height=\"386\" \/><\/p>\r\n<h3>NOTRE \u00c9QUIPE<\/h3>\r\n<p>Nous avons la chance de compter dans nos rangs des personnes passionn\u00e9es par les arts culinaires et la restauration. Du mardi au dimanche, nos cuisiniers s&#8217;activent d\u00e8s 6h du matin afin de faire la pr\u00e9paration et la cuisson des produits qui seront servis dans la journ\u00e9e. Notre \u00e9quipe de service passionn\u00e9e vous fera vivre une exp\u00e9rience unique dans une ambiance latine en journ\u00e9e et au son de musique blues, typique du sud, en soir\u00e9e. Chacun des membres de notre \u00e9quipe occupe une grande place dans la r\u00e9ussite de notre \u00e9tablissement et nous sommes tr\u00e8s fiers de travailler aupr\u00e8s d&#8217;eux.<\/p>\r\n<h3>Encourager <br \/>l&#8217;\u00e9conomie d&#8217;ici<\/h3>\r\n<p>Au Cracheur de feu nous accordons une grande importance au soutien de l&#8217;\u00e9conomie locale, encore plus particuli\u00e8rement depuis la derni\u00e8re ann\u00e9e. Nous nous faisons un devoir de nous approvisionner chez des producteurs qu\u00e9b\u00e9cois et canadiens pour une grande majorit\u00e9 des produits qui se retrouvent sur notre menu, et c&#8217;est une grande fiert\u00e9 pour nous.<\/p>\r\n<p><img loading=\"lazy\" decoding=\"async\" title=\"3\" src=\"https:\/\/lecracheurdefeu.com\/wp-content\/uploads\/2021\/03\/3.png\" alt=\"3\" width=\"700\" height=\"506\" \/><\/p>\r\n<h2>PASSION <br \/>CULINAIRE<\/h2>\r\n<p>Venez d\u00e9couvrir le BBQ r\u00e9invent\u00e9 dans une ambiance chaleureuse et conviviale, tout en contemplant les magnifiques couchers de soleil sur la montagne.<\/p>\r\n<p>Bienvenue au Cracheur de feu!<\/p>\r\n","protected":false},"excerpt":{"rendered":"<p>Le Fumoir NOTRE HISTOIRE Le Cracheur de feu a vu le jour au d\u00e9but de l&#8217;\u00e9t\u00e9 2020, dans la propri\u00e9t\u00e9 bicentenaire qui abritait autrefois, la toute premi\u00e8re \u00e9cole de la ville de Beloeil. L&#8217;\u00e9tablissement a subi une cure de rajeunissement, tout en assurant de conserver son cachet historique, qui en fait toute sa beaut\u00e9. Notre [&hellip;]<\/p>\n","protected":false},"author":1,"featured_media":0,"parent":0,"menu_order":0,"comment_status":"closed","ping_status":"closed","template":"","meta":{"site-sidebar-layout":"no-sidebar","site-content-layout":"page-builder","ast-site-content-layout":"default","site-content-style":"default","site-sidebar-style":"default","ast-global-header-display":"","ast-banner-title-visibility":"","ast-main-header-display":"","ast-hfb-above-header-display":"","ast-hfb-below-header-display":"","ast-hfb-mobile-header-display":"","site-post-title":"disabled","ast-breadcrumbs-content":"","ast-featured-img":"disabled","footer-sml-layout":"","theme-transparent-header-meta":"default","adv-header-id-meta":"","stick-header-meta":"","header-above-stick-meta":"","header-main-stick-meta":"","header-below-stick-meta":"","astra-migrate-meta-layouts":"default","ast-page-background-enabled":"default","ast-page-background-meta":{"desktop":{"background-color":"var(--ast-global-color-4)","background-image":"","background-repeat":"repeat","background-position":"center center","background-size":"auto","background-attachment":"scroll","background-type":"","background-media":"","overlay-type":"","overlay-color":"","overlay-opacity":"","overlay-gradient":""},"tablet":{"background-color":"","background-image":"","background-repeat":"repeat","background-position":"center center","background-size":"auto","background-attachment":"scroll","background-type":"","background-media":"","overlay-type":"","overlay-color":"","overlay-opacity":"","overlay-gradient":""},"mobile":{"background-color":"","background-image":"","background-repeat":"repeat","background-position":"center center","background-size":"auto","background-attachment":"scroll","background-type":"","background-media":"","overlay-type":"","overlay-color":"","overlay-opacity":"","overlay-gradient":""}},"ast-content-background-meta":{"desktop":{"background-color":"var(--ast-global-color-5)","background-image":"","background-repeat":"repeat","background-position":"center center","background-size":"auto","background-attachment":"scroll","background-type":"","background-media":"","overlay-type":"","overlay-color":"","overlay-opacity":"","overlay-gradient":""},"tablet":{"background-color":"var(--ast-global-color-5)","background-image":"","background-repeat":"repeat","background-position":"center center","background-size":"auto","background-attachment":"scroll","background-type":"","background-media":"","overlay-type":"","overlay-color":"","overlay-opacity":"","overlay-gradient":""},"mobile":{"background-color":"var(--ast-global-color-5)","background-image":"","background-repeat":"repeat","background-position":"center center","background-size":"auto","background-attachment":"scroll","background-type":"","background-media":"","overlay-type":"","overlay-color":"","overlay-opacity":"","overlay-gradient":""}},"footnotes":""},"class_list":["post-404","page","type-page","status-publish","hentry"],"_links":{"self":[{"href":"https:\/\/lecracheurdefeu.com\/en\/wp-json\/wp\/v2\/pages\/404","targetHints":{"allow":["GET"]}}],"collection":[{"href":"https:\/\/lecracheurdefeu.com\/en\/wp-json\/wp\/v2\/pages"}],"about":[{"href":"https:\/\/lecracheurdefeu.com\/en\/wp-json\/wp\/v2\/types\/page"}],"author":[{"embeddable":true,"href":"https:\/\/lecracheurdefeu.com\/en\/wp-json\/wp\/v2\/users\/1"}],"replies":[{"embeddable":true,"href":"https:\/\/lecracheurdefeu.com\/en\/wp-json\/wp\/v2\/comments?post=404"}],"version-history":[{"count":9,"href":"https:\/\/lecracheurdefeu.com\/en\/wp-json\/wp\/v2\/pages\/404\/revisions"}],"predecessor-version":[{"id":808,"href":"https:\/\/lecracheurdefeu.com\/en\/wp-json\/wp\/v2\/pages\/404\/revisions\/808"}],"wp:attachment":[{"href":"https:\/\/lecracheurdefeu.com\/en\/wp-json\/wp\/v2\/media?parent=404"}],"curies":[{"name":"wp","href":"https:\/\/api.w.org\/{rel}","templated":true}]}}