{"id":402,"date":"2021-03-30T05:58:52","date_gmt":"2021-03-30T05:58:52","guid":{"rendered":"https:\/\/lecracheurdefeu.com\/home\/"},"modified":"2025-10-31T16:21:46","modified_gmt":"2025-10-31T16:21:46","slug":"home","status":"publish","type":"page","link":"https:\/\/lecracheurdefeu.com\/en\/","title":{"rendered":"Home"},"content":{"rendered":"\r\n<h1>D\u00e9couvrez<\/h1>\r\n<h2>la fusion du fumoir et de la brasserie<\/h2>\r\n<h5>dans une ambiance<\/h5>\r\n<h5>chaleureuse et conviviale<\/h5>\r\n<p><img loading=\"lazy\" decoding=\"async\" title=\"patten\" src=\"https:\/\/lecracheurdefeu.com\/wp-content\/uploads\/2021\/03\/patten.png\" alt=\"patten\" width=\"262\" height=\"47\" \/><\/p>\r\n<p>Notre restaurant offre une atmosph\u00e8re chaleureuse et festive qui peut accueillir plus de 120 convives \u00e0 l&#8217;int\u00e9rieur et encore plus sur notre splendide terrasse.<\/p>\r\n<p><a role=\"button\" href=\"https:\/\/lecracheurdefeu.com\/en\/contact\/\" target=\"_self\" aria-label=\"R\u00c9SERVER\"> R\u00c9SERVER <\/a><\/p>\r\n<p>Certaines de nos viandes de qualit\u00e9 sont cuites et fum\u00e9es sur flamme libre et sur charbon de bois de diff\u00e9rentes essences, \u00e0 m\u00eame notre \u00e9tablissement.<\/p>\r\n<p><a role=\"button\" href=\"https:\/\/lecracheurdefeu.com\/en\/le-fumoir\/\" target=\"_self\" aria-label=\"LE FUMOIR\"> LE FUMOIR <\/a><\/p>\r\n<p>Notre \u00e9quipe de service dynamique et passionn\u00e9e vous assure de partager un moment inoubliable et de vivre une exp\u00e9rience unique \u00e0 chaque visite.<\/p>\r\n<p><a role=\"button\" href=\"https:\/\/lecracheurdefeu.com\/en\/menu\/\" target=\"_self\" aria-label=\"VOIR LE MENU\"> VOIR LE MENU <\/a> <img loading=\"lazy\" decoding=\"async\" title=\"gallery-nine\" src=\"https:\/\/lecracheurdefeu.com\/wp-content\/uploads\/2021\/03\/gallery-nine.jpg\" alt=\"BBQ\" width=\"600\" height=\"400\" \/><\/p>\r\n<h3>Une exp\u00e9rience unique<\/h3>\r\n<p>Le feu est l&#8217;\u00e9l\u00e9ment central qui permet d&#8217;accentuer toute la chaleur de nos plats. Certaines de nos viandes sont cuites et fum\u00e9es sur flamme libre et sur charbon de bois de diff\u00e9rentes essences pendant de longues heures, \u00e0 m\u00eame notre \u00e9tablissement. Ces techniques de cuisson en toute simplicit\u00e9 \u00e9veillent les saveurs et la richesse des ingr\u00e9dients principaux de notre menu.<\/p>\r\n<p><a role=\"button\" href=\"https:\/\/lecracheurdefeu.com\/en\/menu\/\" target=\"_self\" aria-label=\"VOIR LE MENU\"> VOIR LE MENU <\/a> <img loading=\"lazy\" decoding=\"async\" title=\"big-patten\" src=\"https:\/\/lecracheurdefeu.com\/wp-content\/uploads\/2021\/03\/big-patten.png\" alt=\"big-patten\" width=\"967\" height=\"48\" \/><\/p>\r\n<h2>PASSION <br \/>CULINAIRE<\/h2>\r\n<h3>Une \u00e9quipe passionn\u00e9e<\/h3>\r\n<p>Nous avons la chance de compter dans nos rangs des personnes passionn\u00e9es par les arts culinaires et la restauration. Du mardi au dimanche, nos cuisiniers s&#8217;activent d\u00e8s 6h du matin afin de faire la pr\u00e9paration et la cuisson des produits qui seront servis dans la journ\u00e9e.<\/p>\r\n<p><a role=\"button\" href=\"https:\/\/lecracheurdefeu.com\/en\/contact\/\" target=\"_self\" aria-label=\"en savoir plus\"> en savoir plus <\/a><\/p>\r\n<h2>cachet historique<\/h2>\r\n<p><img loading=\"lazy\" decoding=\"async\" title=\"IMG-0618\" src=\"https:\/\/lecracheurdefeu.com\/wp-content\/uploads\/2023\/11\/IMG-0618-scaled.jpg\" alt=\"IMG-0618\" width=\"2560\" height=\"1920\" \/><\/p>\r\n<h3>Une atmosph\u00e8re <br \/>chaleureuse et festive<\/h3>\r\n<p>Notre restaurant offre une atmosph\u00e8re chaleureuse et festive et peut accueillir plus de 120 convives \u00e0 l&#8217;int\u00e9rieur et encore plus gr\u00e2ce \u00e0 notre grande terrasse sur 3 paliers, surplombant la rivi\u00e8re Richelieu. Un bar tiki ainsi que l&#8217;acquisition prochaine d&#8217;une embarcation qui accueillera un fumoir et un grill au charbon sur l&#8217;eau, viennent ajouter \u00e0 la cr\u00e9ation d&#8217;une exp\u00e9rience unique pour notre client\u00e8le.<\/p>\r\n<p><a role=\"button\" href=\"https:\/\/lecracheurdefeu.com\/en\/menu\/\" target=\"_self\" aria-label=\"VOIR LE MENU\"> VOIR LE MENU <\/a> <img loading=\"lazy\" decoding=\"async\" title=\"big-patten\" src=\"https:\/\/lecracheurdefeu.com\/wp-content\/uploads\/2021\/03\/big-patten.png\" alt=\"big-patten\" width=\"967\" height=\"48\" \/><\/p>\r\n<p>\u00ab Le feu est vivant, il a du caract\u00e8re et chaque b\u00fbche donnera un r\u00e9sultat diff\u00e9rent. Les saveurs qui sont \u00e9veill\u00e9es gr\u00e2ce \u00e0 ce type de cuisson sont incomparables et c&#8217;est ce qui fait que j&#8217;aime autant travailler avec ce medium.\u00bb<\/p>\r\n\n<div class=\"wpcf7 no-js\" id=\"wpcf7-f423-o1\" lang=\"en-US\" dir=\"ltr\" data-wpcf7-id=\"423\">\n<div class=\"screen-reader-response\"><p role=\"status\" aria-live=\"polite\" aria-atomic=\"true\"><\/p> <ul><\/ul><\/div>\n<form action=\"\/en\/wp-json\/wp\/v2\/pages\/402#wpcf7-f423-o1\" method=\"post\" class=\"wpcf7-form init\" aria-label=\"Contact form\" novalidate=\"novalidate\" data-status=\"init\">\n<fieldset class=\"hidden-fields-container\"><input type=\"hidden\" name=\"_wpcf7\" value=\"423\" \/><input type=\"hidden\" name=\"_wpcf7_version\" value=\"6.1.2\" \/><input type=\"hidden\" name=\"_wpcf7_locale\" value=\"en_US\" \/><input type=\"hidden\" name=\"_wpcf7_unit_tag\" value=\"wpcf7-f423-o1\" \/><input type=\"hidden\" name=\"_wpcf7_container_post\" value=\"0\" \/><input type=\"hidden\" name=\"_wpcf7_posted_data_hash\" value=\"\" \/>\n<\/fieldset>\n<div class=\"contact-form\">\n\t<div class=\"col-lg-12\">\n\t\t<h3>Contact us!\n\t\t<\/h3>\n\t<\/div>\n\t<div class=\"col-lg-12\">\n\t\t<p><span class=\"wpcf7-form-control-wrap\" data-name=\"Nometprnom\"><input size=\"40\" maxlength=\"400\" class=\"wpcf7-form-control wpcf7-text wpcf7-validates-as-required text-box\" aria-required=\"true\" aria-invalid=\"false\" placeholder=\"Name\" value=\"\" type=\"text\" name=\"Nometprnom\" \/><\/span>\n\t\t<\/p>\n\t<\/div>\n\t<div class=\"col-lg-12\">\n\t\t<p><span class=\"wpcf7-form-control-wrap\" data-name=\"Courriel\"><input size=\"40\" maxlength=\"400\" class=\"wpcf7-form-control wpcf7-email wpcf7-validates-as-required wpcf7-text wpcf7-validates-as-email text-box\" aria-required=\"true\" aria-invalid=\"false\" placeholder=\"E-mail\" value=\"\" type=\"email\" name=\"Courriel\" \/><\/span>\n\t\t<\/p>\n\t<\/div>\n\t<div class=\"col-lg-12\">\n\t\t<p><span class=\"wpcf7-form-control-wrap\" data-name=\"Sujet\"><input size=\"40\" maxlength=\"400\" class=\"wpcf7-form-control wpcf7-text wpcf7-validates-as-required text-box\" aria-required=\"true\" aria-invalid=\"false\" placeholder=\"Subject\" value=\"\" type=\"text\" name=\"Sujet\" \/><\/span>\n\t\t<\/p>\n\t<\/div>\n\t<div class=\"col-lg-12\">\n\t\t<p><span class=\"wpcf7-form-control-wrap\" data-name=\"Message\"><textarea cols=\"40\" rows=\"10\" maxlength=\"2000\" class=\"wpcf7-form-control wpcf7-textarea wpcf7-validates-as-required text-box long-text-box\" aria-required=\"true\" aria-invalid=\"false\" placeholder=\"Message\" name=\"Message\"><\/textarea><\/span>\n\t\t<\/p>\n\t<\/div>\n\t<div class=\"col-lg-12\">\n\t\t<p><input class=\"wpcf7-form-control wpcf7-submit has-spinner submit-btn\" type=\"submit\" value=\"send\" \/>\n\t\t<\/p>\n\t<\/div>\n<\/div><div class=\"wpcf7-response-output\" aria-hidden=\"true\"><\/div>\n<\/form>\n<\/div>\n\r\n<p><a href=\"https:\/\/goo.gl\/maps\/drxtAbMAR4qMSt347\" target=\"_blank\" rel=\"noopener\"> <img loading=\"lazy\" decoding=\"async\" title=\"map\" src=\"https:\/\/lecracheurdefeu.com\/wp-content\/uploads\/2021\/03\/map.jpg\" alt=\"map\" width=\"683\" height=\"605\" \/> <\/a><\/p>\r\n","protected":false},"excerpt":{"rendered":"<p>D\u00e9couvrez la fusion du fumoir et de la brasserie dans une ambiance chaleureuse et conviviale Notre restaurant offre une atmosph\u00e8re chaleureuse et festive qui peut accueillir plus de 120 convives \u00e0 l&#8217;int\u00e9rieur et encore plus sur notre splendide terrasse. R\u00c9SERVER Certaines de nos viandes de qualit\u00e9 sont cuites et fum\u00e9es sur flamme libre et sur [&hellip;]<\/p>\n","protected":false},"author":1,"featured_media":0,"parent":0,"menu_order":0,"comment_status":"closed","ping_status":"closed","template":"","meta":{"site-sidebar-layout":"no-sidebar","site-content-layout":"page-builder","ast-site-content-layout":"full-width-container","site-content-style":"unboxed","site-sidebar-style":"unboxed","ast-global-header-display":"","ast-banner-title-visibility":"","ast-main-header-display":"","ast-hfb-above-header-display":"","ast-hfb-below-header-display":"","ast-hfb-mobile-header-display":"","site-post-title":"disabled","ast-breadcrumbs-content":"","ast-featured-img":"disabled","footer-sml-layout":"","theme-transparent-header-meta":"default","adv-header-id-meta":"","stick-header-meta":"","header-above-stick-meta":"","header-main-stick-meta":"","header-below-stick-meta":"","astra-migrate-meta-layouts":"set","ast-page-background-enabled":"default","ast-page-background-meta":{"desktop":{"background-color":"var(--ast-global-color-4)","background-image":"","background-repeat":"repeat","background-position":"center center","background-size":"auto","background-attachment":"scroll","background-type":"","background-media":"","overlay-type":"","overlay-color":"","overlay-opacity":"","overlay-gradient":""},"tablet":{"background-color":"","background-image":"","background-repeat":"repeat","background-position":"center center","background-size":"auto","background-attachment":"scroll","background-type":"","background-media":"","overlay-type":"","overlay-color":"","overlay-opacity":"","overlay-gradient":""},"mobile":{"background-color":"","background-image":"","background-repeat":"repeat","background-position":"center center","background-size":"auto","background-attachment":"scroll","background-type":"","background-media":"","overlay-type":"","overlay-color":"","overlay-opacity":"","overlay-gradient":""}},"ast-content-background-meta":{"desktop":{"background-color":"var(--ast-global-color-5)","background-image":"","background-repeat":"repeat","background-position":"center center","background-size":"auto","background-attachment":"scroll","background-type":"","background-media":"","overlay-type":"","overlay-color":"","overlay-opacity":"","overlay-gradient":""},"tablet":{"background-color":"var(--ast-global-color-5)","background-image":"","background-repeat":"repeat","background-position":"center center","background-size":"auto","background-attachment":"scroll","background-type":"","background-media":"","overlay-type":"","overlay-color":"","overlay-opacity":"","overlay-gradient":""},"mobile":{"background-color":"var(--ast-global-color-5)","background-image":"","background-repeat":"repeat","background-position":"center center","background-size":"auto","background-attachment":"scroll","background-type":"","background-media":"","overlay-type":"","overlay-color":"","overlay-opacity":"","overlay-gradient":""}},"footnotes":""},"class_list":["post-402","page","type-page","status-publish","hentry"],"_links":{"self":[{"href":"https:\/\/lecracheurdefeu.com\/en\/wp-json\/wp\/v2\/pages\/402","targetHints":{"allow":["GET"]}}],"collection":[{"href":"https:\/\/lecracheurdefeu.com\/en\/wp-json\/wp\/v2\/pages"}],"about":[{"href":"https:\/\/lecracheurdefeu.com\/en\/wp-json\/wp\/v2\/types\/page"}],"author":[{"embeddable":true,"href":"https:\/\/lecracheurdefeu.com\/en\/wp-json\/wp\/v2\/users\/1"}],"replies":[{"embeddable":true,"href":"https:\/\/lecracheurdefeu.com\/en\/wp-json\/wp\/v2\/comments?post=402"}],"version-history":[{"count":23,"href":"https:\/\/lecracheurdefeu.com\/en\/wp-json\/wp\/v2\/pages\/402\/revisions"}],"predecessor-version":[{"id":1037,"href":"https:\/\/lecracheurdefeu.com\/en\/wp-json\/wp\/v2\/pages\/402\/revisions\/1037"}],"wp:attachment":[{"href":"https:\/\/lecracheurdefeu.com\/en\/wp-json\/wp\/v2\/media?parent=402"}],"curies":[{"name":"wp","href":"https:\/\/api.w.org\/{rel}","templated":true}]}}